{"id":5662,"date":"2024-02-01T10:59:27","date_gmt":"2024-02-01T09:59:27","guid":{"rendered":"https:\/\/bpost-uat.manpower.be\/?page_id=5662"},"modified":"2026-01-16T14:03:43","modified_gmt":"2026-01-16T13:03:43","slug":"etudiante","status":"publish","type":"page","link":"https:\/\/bpost-uat.manpower.be\/fr\/etudiante\/","title":{"rendered":"\u00c9tudiant"},"content":{"rendered":"<section class=\"b-hero relative overflow-hidden bg-cover bg-center\" style=\"background-image: url(https:\/\/bpost-uat.manpower.be\/wp-content\/uploads\/2024\/05\/Bpost-Database-DD5_Post-office-Leuven_0813-1-2-1.jpg)\">\n    <div class=\"text-white flex place-items-end py-16 lg:py-32 min-h-[450px] md:min-h-[600px]\n                after:absolute after:left-0 after:bottom-0 after:w-full after:h-1\/2 after:bg-gradient-to-t after:from-black\/40\">\n        <div class=\"container relative z-10\">\n            <div class=\"max-w-xl\">\n                                    <h1 class=\"relative py-3 mb-6 after:absolute after:left-0 after:top-full after:h-1 after:w-8 after:bg-orange-400\">\u00c9tudiant chez bpost ?<\/h1>\n                \n                \n                                    <a href=\"#Postuler-etudiant\" class=\"btn btn-primary\" target=\"\">\n                        Inscris-toi ici                    <\/a>\n                            <\/div>\n        <\/div>\n    <\/div>\n<\/section>\n\n\n<section class=\"b-block b-editor text-left pt-6 md:pt-12 lg:pt-14 xl:pt-20\">\n    <div class=\"container\">\n                    <h2 class=\"mb-4 md:mb-6\">Voici ce que tu gagnes :<\/h2>\n                            <p><strong>Bien gagner de l&rsquo;argent et profiter davantage des vacances d&rsquo;\u00e9t\u00e9 ?<\/strong><\/p>\n<p>&nbsp;<\/p>\n<ul style=\"list-style-type: disc !important; list-style-position: inside !important;\">\n<li>\u20ac 13,5614 brut par heure<\/li>\n<li>Des ch\u00e8ques-repas de \u20ac 8<\/li>\n<li>Le remboursement de vos frais de d\u00e9placement.<\/li>\n<\/ul>\n<p>&nbsp;<\/p>\n<p><strong>Qu&rsquo;apportes-tu avec toi ?<\/strong><\/p>\n<p>&nbsp;<\/p>\n<p>Au moins 18 ann\u00e9es d&rsquo;exp\u00e9rience de vie, une bonne humeur et une grande motivation ! Ton moi social, une dose de convivialit\u00e9 et une attitude flexible.<\/p>\n<p>En tant que facteur, bien s\u00fbr, un permis de conduire B d\u00e9finitif. \ud83d\ude09<\/p>\n            <\/div>\n<\/section>\n\n\n<section class=\"b-block b-editor text-left pt-6 md:pt-12 lg:pt-14 xl:pt-20 pb-6 md:pb-12 lg:pb-14 xl:pb-20\"id=Postuler-etudiant>\n    <div class=\"container\">\n                    <h2 class=\"mb-4 md:mb-6\">Postuler<\/h2>\n                            <form id=\"forminator-module-9393\" class=\"forminator-custom-form forminator-custom-form-9393\" method=\"post\" data-forminator-render=\"0\" data-uid=\"69d0764dd6d7d\"><div role=\"alert\" aria-live=\"polite\" class=\"forminator-response-message forminator-error\" aria-hidden=\"true\"><\/div><\/form>\n            <\/div>\n<\/section>\n","protected":false},"excerpt":{"rendered":"","protected":false},"author":1,"featured_media":0,"parent":0,"menu_order":0,"comment_status":"closed","ping_status":"closed","template":"","meta":{"footnotes":""},"class_list":["post-5662","page","type-page","status-publish","hentry"],"acf":[],"yoast_head":"<!-- This site is optimized with the Yoast SEO plugin v27.3 - https:\/\/yoast.com\/product\/yoast-seo-wordpress\/ -->\n<title>\u00c9tudiant - bpost - Manpower Belgium<\/title>\n<meta name=\"robots\" content=\"index, follow, max-snippet:-1, max-image-preview:large, max-video-preview:-1\" \/>\n<link rel=\"canonical\" href=\"https:\/\/bpost-uat.manpower.be\/fr\/etudiante\/\" \/>\n<meta property=\"og:locale\" content=\"fr_FR\" \/>\n<meta property=\"og:type\" content=\"article\" \/>\n<meta property=\"og:title\" content=\"\u00c9tudiant - bpost - Manpower Belgium\" \/>\n<meta property=\"og:url\" content=\"https:\/\/bpost-uat.manpower.be\/fr\/etudiante\/\" \/>\n<meta property=\"og:site_name\" content=\"bpost - Manpower Belgium\" \/>\n<meta property=\"article:modified_time\" content=\"2026-01-16T13:03:43+00:00\" \/>\n<meta name=\"twitter:card\" content=\"summary_large_image\" \/>\n<script type=\"application\/ld+json\" class=\"yoast-schema-graph\">{\"@context\":\"https:\\\/\\\/schema.org\",\"@graph\":[{\"@type\":\"WebPage\",\"@id\":\"https:\\\/\\\/bpost-uat.manpower.be\\\/fr\\\/etudiante\\\/\",\"url\":\"https:\\\/\\\/bpost-uat.manpower.be\\\/fr\\\/etudiante\\\/\",\"name\":\"\u00c9tudiant - bpost - Manpower Belgium\",\"isPartOf\":{\"@id\":\"https:\\\/\\\/bpost-uat.manpower.be\\\/#website\"},\"datePublished\":\"2024-02-01T09:59:27+00:00\",\"dateModified\":\"2026-01-16T13:03:43+00:00\",\"breadcrumb\":{\"@id\":\"https:\\\/\\\/bpost-uat.manpower.be\\\/fr\\\/etudiante\\\/#breadcrumb\"},\"inLanguage\":\"fr-FR\",\"potentialAction\":[{\"@type\":\"ReadAction\",\"target\":[\"https:\\\/\\\/bpost-uat.manpower.be\\\/fr\\\/etudiante\\\/\"]}]},{\"@type\":\"BreadcrumbList\",\"@id\":\"https:\\\/\\\/bpost-uat.manpower.be\\\/fr\\\/etudiante\\\/#breadcrumb\",\"itemListElement\":[{\"@type\":\"ListItem\",\"position\":1,\"name\":\"Home\",\"item\":\"https:\\\/\\\/bpost-uat.manpower.be\\\/fr\\\/\"},{\"@type\":\"ListItem\",\"position\":2,\"name\":\"\u00c9tudiant\"}]},{\"@type\":\"WebSite\",\"@id\":\"https:\\\/\\\/bpost-uat.manpower.be\\\/#website\",\"url\":\"https:\\\/\\\/bpost-uat.manpower.be\\\/\",\"name\":\"bpost - Manpower Belgium\",\"description\":\"\",\"potentialAction\":[{\"@type\":\"SearchAction\",\"target\":{\"@type\":\"EntryPoint\",\"urlTemplate\":\"https:\\\/\\\/bpost-uat.manpower.be\\\/?s={search_term_string}\"},\"query-input\":{\"@type\":\"PropertyValueSpecification\",\"valueRequired\":true,\"valueName\":\"search_term_string\"}}],\"inLanguage\":\"fr-FR\"}]}<\/script>\n<!-- \/ Yoast SEO plugin. -->","yoast_head_json":{"title":"\u00c9tudiant - bpost - Manpower Belgium","robots":{"index":"index","follow":"follow","max-snippet":"max-snippet:-1","max-image-preview":"max-image-preview:large","max-video-preview":"max-video-preview:-1"},"canonical":"https:\/\/bpost-uat.manpower.be\/fr\/etudiante\/","og_locale":"fr_FR","og_type":"article","og_title":"\u00c9tudiant - bpost - Manpower Belgium","og_url":"https:\/\/bpost-uat.manpower.be\/fr\/etudiante\/","og_site_name":"bpost - Manpower Belgium","article_modified_time":"2026-01-16T13:03:43+00:00","twitter_card":"summary_large_image","schema":{"@context":"https:\/\/schema.org","@graph":[{"@type":"WebPage","@id":"https:\/\/bpost-uat.manpower.be\/fr\/etudiante\/","url":"https:\/\/bpost-uat.manpower.be\/fr\/etudiante\/","name":"\u00c9tudiant - bpost - Manpower Belgium","isPartOf":{"@id":"https:\/\/bpost-uat.manpower.be\/#website"},"datePublished":"2024-02-01T09:59:27+00:00","dateModified":"2026-01-16T13:03:43+00:00","breadcrumb":{"@id":"https:\/\/bpost-uat.manpower.be\/fr\/etudiante\/#breadcrumb"},"inLanguage":"fr-FR","potentialAction":[{"@type":"ReadAction","target":["https:\/\/bpost-uat.manpower.be\/fr\/etudiante\/"]}]},{"@type":"BreadcrumbList","@id":"https:\/\/bpost-uat.manpower.be\/fr\/etudiante\/#breadcrumb","itemListElement":[{"@type":"ListItem","position":1,"name":"Home","item":"https:\/\/bpost-uat.manpower.be\/fr\/"},{"@type":"ListItem","position":2,"name":"\u00c9tudiant"}]},{"@type":"WebSite","@id":"https:\/\/bpost-uat.manpower.be\/#website","url":"https:\/\/bpost-uat.manpower.be\/","name":"bpost - Manpower Belgium","description":"","potentialAction":[{"@type":"SearchAction","target":{"@type":"EntryPoint","urlTemplate":"https:\/\/bpost-uat.manpower.be\/?s={search_term_string}"},"query-input":{"@type":"PropertyValueSpecification","valueRequired":true,"valueName":"search_term_string"}}],"inLanguage":"fr-FR"}]}},"_links":{"self":[{"href":"https:\/\/bpost-uat.manpower.be\/fr\/wp-json\/wp\/v2\/pages\/5662","targetHints":{"allow":["GET"]}}],"collection":[{"href":"https:\/\/bpost-uat.manpower.be\/fr\/wp-json\/wp\/v2\/pages"}],"about":[{"href":"https:\/\/bpost-uat.manpower.be\/fr\/wp-json\/wp\/v2\/types\/page"}],"author":[{"embeddable":true,"href":"https:\/\/bpost-uat.manpower.be\/fr\/wp-json\/wp\/v2\/users\/1"}],"replies":[{"embeddable":true,"href":"https:\/\/bpost-uat.manpower.be\/fr\/wp-json\/wp\/v2\/comments?post=5662"}],"version-history":[{"count":61,"href":"https:\/\/bpost-uat.manpower.be\/fr\/wp-json\/wp\/v2\/pages\/5662\/revisions"}],"predecessor-version":[{"id":38269,"href":"https:\/\/bpost-uat.manpower.be\/fr\/wp-json\/wp\/v2\/pages\/5662\/revisions\/38269"}],"wp:attachment":[{"href":"https:\/\/bpost-uat.manpower.be\/fr\/wp-json\/wp\/v2\/media?parent=5662"}],"curies":[{"name":"wp","href":"https:\/\/api.w.org\/{rel}","templated":true}]}}