{"id":584,"date":"2023-06-22T10:12:07","date_gmt":"2023-06-22T08:12:07","guid":{"rendered":"https:\/\/bpost-uat.manpower.be\/facteur-trice\/"},"modified":"2024-02-22T16:46:39","modified_gmt":"2024-02-22T15:46:39","slug":"facteur-trice","status":"publish","type":"page","link":"https:\/\/bpost-uat.manpower.be\/fr\/facteur-trice\/","title":{"rendered":"Facteur"},"content":{"rendered":"<section class=\"b-hero relative overflow-hidden bg-cover bg-center\" style=\"background-image: url(https:\/\/bpost-uat.manpower.be\/wp-content\/uploads\/2023\/07\/bpost-8.jpg)\">\n    <div class=\"text-white flex place-items-end py-16 lg:py-32 min-h-[450px] md:min-h-[600px]\n                after:absolute after:left-0 after:bottom-0 after:w-full after:h-1\/2 after:bg-gradient-to-t after:from-black\/40\">\n        <div class=\"container relative z-10\">\n            <div class=\"max-w-xl\">\n                                    <h1 class=\"relative py-3 mb-6 after:absolute after:left-0 after:top-full after:h-1 after:w-8 after:bg-orange-400\">Facteur<\/h1>\n                \n                                    <div class=\"mb-4 text-xl lg:text-2xl\">\n                        <p>Deviens le h\u00e9ros indispensable de ton quartier ou de ton village. Deviens facteur chez bpost, c&rsquo;est : un emploi avec beaucoup de s\u00e9curit\u00e9, travailler dans ta propre r\u00e9gion, un emploi dynamique, de la libert\u00e9 et un bon \u00e9quilibre entre travail et vie priv\u00e9e. D\u00e9couvre o\u00f9 tu peux commencer !<\/p>\n                    <\/div>\n                \n                                    <a href=\"https:\/\/youreka-virtualtours.be\/tours\/bpost_jobs\/?configuration=postbode&#038;hideIntro=1&#038;startConfiguration=manpower&#038;startNode=node9&#038;lang=FR\" class=\"btn btn-primary\" target=\"_blank\">\n                        D\u00e9couvre l&rsquo;environnement de travail \u00e0 360\u00b0                    <\/a>\n                            <\/div>\n        <\/div>\n    <\/div>\n<\/section>\n\n\n<section class=\"b-block b-editor text-left pt-6 md:pt-12 lg:pt-14 xl:pt-20 pb-6 md:pb-12 lg:pb-14 xl:pb-20\">\n    <div class=\"container\">\n                    <h2 class=\"mb-4 md:mb-6\">Postuler en tant que facteur.trice<\/h2>\n                             <form id=\"matador-application-form\" class=\"matador-application\" action=\"https:\/\/bpost-uat.manpower.be\/fr\/matador\/api\/application\/\" enctype=\"multipart\/form-data\" method=\"post\"> <input type=\"hidden\" id=\"matador_application\" name=\"matador_application\" value=\"2b39cc6a6a\" \/><input type=\"hidden\" name=\"_wp_http_referer\" value=\"\/fr\/wp-json\/wp\/v2\/pages\/584\" \/> <input id=\"bhid\" name=\"bhid\" type=\"hidden\" value=\"3299130\" \/><input id=\"wpid\" name=\"wpid\" type=\"hidden\" value=\"35776\" \/> <div class=\"matador-field-group matador-field-firstName matador-field-template-text matador-field-type-text matador-required\"> <div class=\"matador-label\"> <h5 class=\"matador-field-label\"> <label for=\"firstName\"> First Name: <\/label> <\/h5> <\/div> <div class=\"matador-field\"> <input type=\"text\" id=\"firstName\" name=\"firstName\" value=\"\" required minlength=\"2\" \/> <\/div> <\/div> <div class=\"matador-field-group matador-field-lastName matador-field-template-text matador-field-type-text matador-required\"> <div class=\"matador-label\"> <h5 class=\"matador-field-label\"> <label for=\"lastName\"> Last Name: <\/label> <\/h5> <\/div> <div class=\"matador-field\"> <input type=\"text\" id=\"lastName\" name=\"lastName\" value=\"\" required minlength=\"2\" \/> <\/div> <\/div> <div class=\"matador-field-group matador-field-email matador-field-template-text matador-field-type-email matador-required\"> <div class=\"matador-label\"> <h5 class=\"matador-field-label\"> <label for=\"email\"> Email Address: <\/label> <\/h5> <\/div> <div class=\"matador-field\"> <input type=\"email\" id=\"email\" name=\"email\" value=\"\" required \/> <\/div> <\/div> <div class=\"matador-field-group matador-field-mobile matador-field-template-text matador-field-type-tel matador-required\"> <div class=\"matador-label\"> <h5 class=\"matador-field-label\"> <label for=\"mobile\"> Mobile Phone Number: <\/label> <\/h5> <\/div> <div class=\"matador-field\"> <input type=\"tel\" id=\"mobile\" name=\"mobile\" value=\"\" required \/> <\/div> <\/div> <div class=\"matador-field-group matador-field-zip matador-field-template-text matador-field-type-text matador-required\"> <div class=\"matador-label\"> <h5 class=\"matador-field-label\"> <label for=\"zip\"> ZIP\/Postal Code: <\/label> <\/h5> <\/div> <div class=\"matador-field\"> <input type=\"text\" id=\"zip\" name=\"zip\" value=\"\" required \/> <\/div> <\/div> <div class=\"matador-field-group matador-field-resume matador-field-template-file matador-field-type-file\"> <div class=\"matador-label\"> <h5 class=\"matador-field-label\"><label> Upload CV File: <\/label><\/h5> <\/div> <div class=\"matador-field\"> <label for=\"resume\" class=\"for-file\"> <svg xmlns=\"http:\/\/www.w3.org\/2000\/svg\" width=\"20\" height=\"17\" viewBox=\"0 0 20 17\"> <path d=\"M10 0l-5.2 4.9h3.3v5.1h3.8v-5.1h3.3l-5.2-4.9zm9.3 11.5l-3.2-2.1h-2l3.4 2.6h-3.5c-.1 0-.2.1-.2.1l-.8 2.3h-6l-.8-2.2c-.1-.1-.1-.2-.2-.2h-3.6l3.4-2.6h-2l-3.2 2.1c-.4.3-.7 1-.6 1.5l.6 3.1c.1.5.7.9 1.2.9h16.3c.6 0 1.1-.4 1.3-.9l.6-3.1c.1-.5-.2-1.2-.7-1.5z\"><\/path> <span>Upload CV File: &hellip;<\/span> <\/svg> <\/label> <input type=\"file\" id=\"resume\" name=\"resume\" class=\"inputfile\" data-multiple-caption=\"{count} files selected\" accept=\".doc,.docx,.pdf,.html,.txt\" \/> <div class=\"matador-field-description\">Attach a resume file. Accepted file types are DOC, DOCX, PDF, HTML, and TXT.<\/div> <\/div> <\/div> <div class=\"matador-field-group matador-field-privacy_policy_opt_in matador-field-template-checkbox matador-field-type-checkbox\"> <div class=\"matador-label\"> <\/div> <div class=\"matador-field\"> <ul class=\"checkboxes\"> <input type=\"hidden\" name=\"privacy_policy_opt_in[]\" \/> <li class=\"checkbox\"> <label for=\"privacy_policy_opt_in-1\"><input type=\"checkbox\" id=\"privacy_policy_opt_in-1\" name=\"privacy_policy_opt_in[]\" value=\"1\" required=\"required\" data-msg-required=\"You must agree to our Privacy Policy.\" minlength=\"1\" \/> En cochant cette case, j&rsquo;accepte que Manpower Belgium puisse traiter mes donn\u00e9es personnelles et les d\u00e9tails de mon salaire conform\u00e9ment aux termes de <a style=\"color:#E77C22\" href=\"https:\/\/legalconditions.manpowergroup.be\/regles-relatives-a-la-protection-de-la-vie-privee-des-interimaires-et-candidats-interimaires-de-manpower-belgium-sa\/\" target=\"_blank\">D\u00e9claration de confidentialit\u00e9<\/a>, afin de proposer mon profil et de transf\u00e9rer mes donn\u00e9es personnelles \u00e0 Bpost et aux clients\/clients potentiels.de Manpower. Si j\u2019ai des question sur le traitement de mes donn\u00e9es personnelles je peux contacter <a style=\"color:#E77C22\" href=\"mailto:privacy@manpower.be\">privacy@manpower.be<\/a> <span style=\"color:#ca4d2d\">*<\/span><\/label> <\/li> <\/ul> <\/div> <\/div> <div class=\"matador-field-group matador-field-job-seeker matador-field-template-text matador-field-type-text job-seeker\"> <div class=\"matador-label\"> <h5 class=\"matador-field-label\"> <label for=\"job-seeker\"> People looking for jobs should not put anything here. <\/label> <\/h5> <\/div> <div class=\"matador-field\"> <input type=\"text\" id=\"job-seeker\" name=\"job-seeker\" value=\"\" tabindex=\"-1\" \/> <\/div> <\/div> <input id=\"matador-submit\" class=\"matador-button\" name=\"submit\" type=\"submit\" value=\"Submit Application\"\/> <div id=\"matador-upload-overlay\"> <div class=\"matador-upload-overlay-background\"><\/div> <div class=\"matador-upload-overlay-message\"> <span class=\"spinner\"><\/span> <p>We are uploading your application. It may take a few moments to read your resume. Please wait!<\/p> <\/div> <\/div> <\/form> \n            <\/div>\n<\/section>\n","protected":false},"excerpt":{"rendered":"","protected":false},"author":1,"featured_media":0,"parent":0,"menu_order":0,"comment_status":"closed","ping_status":"closed","template":"","meta":{"footnotes":""},"class_list":["post-584","page","type-page","status-publish","hentry"],"acf":[],"yoast_head":"<!-- This site is optimized with the Yoast SEO plugin v27.3 - https:\/\/yoast.com\/product\/yoast-seo-wordpress\/ -->\n<title>Facteur - bpost - Manpower Belgium<\/title>\n<meta name=\"robots\" content=\"index, follow, max-snippet:-1, max-image-preview:large, max-video-preview:-1\" \/>\n<link rel=\"canonical\" href=\"https:\/\/bpost-uat.manpower.be\/fr\/facteur-trice\/\" \/>\n<meta property=\"og:locale\" content=\"fr_FR\" \/>\n<meta property=\"og:type\" content=\"article\" \/>\n<meta property=\"og:title\" content=\"Facteur - bpost - Manpower Belgium\" \/>\n<meta property=\"og:url\" content=\"https:\/\/bpost-uat.manpower.be\/fr\/facteur-trice\/\" \/>\n<meta property=\"og:site_name\" content=\"bpost - Manpower Belgium\" \/>\n<meta property=\"article:modified_time\" content=\"2024-02-22T15:46:39+00:00\" \/>\n<meta name=\"twitter:card\" content=\"summary_large_image\" \/>\n<script type=\"application\/ld+json\" class=\"yoast-schema-graph\">{\"@context\":\"https:\\\/\\\/schema.org\",\"@graph\":[{\"@type\":\"WebPage\",\"@id\":\"https:\\\/\\\/bpost-uat.manpower.be\\\/fr\\\/facteur-trice\\\/\",\"url\":\"https:\\\/\\\/bpost-uat.manpower.be\\\/fr\\\/facteur-trice\\\/\",\"name\":\"Facteur - bpost - Manpower Belgium\",\"isPartOf\":{\"@id\":\"https:\\\/\\\/bpost-uat.manpower.be\\\/#website\"},\"datePublished\":\"2023-06-22T08:12:07+00:00\",\"dateModified\":\"2024-02-22T15:46:39+00:00\",\"breadcrumb\":{\"@id\":\"https:\\\/\\\/bpost-uat.manpower.be\\\/fr\\\/facteur-trice\\\/#breadcrumb\"},\"inLanguage\":\"fr-FR\",\"potentialAction\":[{\"@type\":\"ReadAction\",\"target\":[\"https:\\\/\\\/bpost-uat.manpower.be\\\/fr\\\/facteur-trice\\\/\"]}]},{\"@type\":\"BreadcrumbList\",\"@id\":\"https:\\\/\\\/bpost-uat.manpower.be\\\/fr\\\/facteur-trice\\\/#breadcrumb\",\"itemListElement\":[{\"@type\":\"ListItem\",\"position\":1,\"name\":\"Home\",\"item\":\"https:\\\/\\\/bpost-uat.manpower.be\\\/fr\\\/\"},{\"@type\":\"ListItem\",\"position\":2,\"name\":\"Facteur\"}]},{\"@type\":\"WebSite\",\"@id\":\"https:\\\/\\\/bpost-uat.manpower.be\\\/#website\",\"url\":\"https:\\\/\\\/bpost-uat.manpower.be\\\/\",\"name\":\"bpost - Manpower Belgium\",\"description\":\"\",\"potentialAction\":[{\"@type\":\"SearchAction\",\"target\":{\"@type\":\"EntryPoint\",\"urlTemplate\":\"https:\\\/\\\/bpost-uat.manpower.be\\\/?s={search_term_string}\"},\"query-input\":{\"@type\":\"PropertyValueSpecification\",\"valueRequired\":true,\"valueName\":\"search_term_string\"}}],\"inLanguage\":\"fr-FR\"}]}<\/script>\n<!-- \/ Yoast SEO plugin. -->","yoast_head_json":{"title":"Facteur - bpost - Manpower Belgium","robots":{"index":"index","follow":"follow","max-snippet":"max-snippet:-1","max-image-preview":"max-image-preview:large","max-video-preview":"max-video-preview:-1"},"canonical":"https:\/\/bpost-uat.manpower.be\/fr\/facteur-trice\/","og_locale":"fr_FR","og_type":"article","og_title":"Facteur - bpost - Manpower Belgium","og_url":"https:\/\/bpost-uat.manpower.be\/fr\/facteur-trice\/","og_site_name":"bpost - Manpower Belgium","article_modified_time":"2024-02-22T15:46:39+00:00","twitter_card":"summary_large_image","schema":{"@context":"https:\/\/schema.org","@graph":[{"@type":"WebPage","@id":"https:\/\/bpost-uat.manpower.be\/fr\/facteur-trice\/","url":"https:\/\/bpost-uat.manpower.be\/fr\/facteur-trice\/","name":"Facteur - bpost - Manpower Belgium","isPartOf":{"@id":"https:\/\/bpost-uat.manpower.be\/#website"},"datePublished":"2023-06-22T08:12:07+00:00","dateModified":"2024-02-22T15:46:39+00:00","breadcrumb":{"@id":"https:\/\/bpost-uat.manpower.be\/fr\/facteur-trice\/#breadcrumb"},"inLanguage":"fr-FR","potentialAction":[{"@type":"ReadAction","target":["https:\/\/bpost-uat.manpower.be\/fr\/facteur-trice\/"]}]},{"@type":"BreadcrumbList","@id":"https:\/\/bpost-uat.manpower.be\/fr\/facteur-trice\/#breadcrumb","itemListElement":[{"@type":"ListItem","position":1,"name":"Home","item":"https:\/\/bpost-uat.manpower.be\/fr\/"},{"@type":"ListItem","position":2,"name":"Facteur"}]},{"@type":"WebSite","@id":"https:\/\/bpost-uat.manpower.be\/#website","url":"https:\/\/bpost-uat.manpower.be\/","name":"bpost - Manpower Belgium","description":"","potentialAction":[{"@type":"SearchAction","target":{"@type":"EntryPoint","urlTemplate":"https:\/\/bpost-uat.manpower.be\/?s={search_term_string}"},"query-input":{"@type":"PropertyValueSpecification","valueRequired":true,"valueName":"search_term_string"}}],"inLanguage":"fr-FR"}]}},"_links":{"self":[{"href":"https:\/\/bpost-uat.manpower.be\/fr\/wp-json\/wp\/v2\/pages\/584","targetHints":{"allow":["GET"]}}],"collection":[{"href":"https:\/\/bpost-uat.manpower.be\/fr\/wp-json\/wp\/v2\/pages"}],"about":[{"href":"https:\/\/bpost-uat.manpower.be\/fr\/wp-json\/wp\/v2\/types\/page"}],"author":[{"embeddable":true,"href":"https:\/\/bpost-uat.manpower.be\/fr\/wp-json\/wp\/v2\/users\/1"}],"replies":[{"embeddable":true,"href":"https:\/\/bpost-uat.manpower.be\/fr\/wp-json\/wp\/v2\/comments?post=584"}],"version-history":[{"count":17,"href":"https:\/\/bpost-uat.manpower.be\/fr\/wp-json\/wp\/v2\/pages\/584\/revisions"}],"predecessor-version":[{"id":6446,"href":"https:\/\/bpost-uat.manpower.be\/fr\/wp-json\/wp\/v2\/pages\/584\/revisions\/6446"}],"wp:attachment":[{"href":"https:\/\/bpost-uat.manpower.be\/fr\/wp-json\/wp\/v2\/media?parent=584"}],"curies":[{"name":"wp","href":"https:\/\/api.w.org\/{rel}","templated":true}]}}